{"id":2,"date":"2023-03-26T20:08:28","date_gmt":"2023-03-26T18:08:28","guid":{"rendered":"http:\/\/campingleschadeyres.com\/?page_id=2"},"modified":"2024-03-17T21:23:28","modified_gmt":"2024-03-17T20:23:28","slug":"page-d-exemple","status":"publish","type":"page","link":"https:\/\/campingleschadeyres.com\/?page_id=2","title":{"rendered":"\u00c0 propos du camping"},"content":{"rendered":"\n<p>Bonjour ! <br>Le camping des Chadeyres est un camping familial et calme, situ\u00e9 au dessus des gorges de la Loire dans le village d\u2019Issarl\u00e8s.  Il se trouve \u00e0 5 km du lac d\u2019Issarl\u00e8s. Vous trouverez de belles plages naturelles \u00e0 quelques minutes \u00e0 pieds. Les emplacements sont ombrag\u00e9s avec toutes les commodit\u00e9s.<\/p>\n\n\n\n<p>Dans un environnement calme, vous trouverez de nombreuses activit\u00e9s possibles tout autour de notre camping.<\/p>\n\n\n\n<p>Cette ann\u00e9e , nous disposons de trois tentes pr\u00eates \u00e0 camper avec tout le mat\u00e9riel necessaire pour camper en toute tranquilit\u00e9. Tente air seconds 5.2 F et B , table et 4 tabourets, meuble de cuisine, rechaud camping gaz, glaci\u00e8re, lit 2places + lit gonflable 2 places. vaisselle fournie, pr\u00e9voir draps ou duvets<\/p>\n\n\n\n<p><strong>notre camping sera ouvert du 15 juin au 20 septembre 2024<\/strong><\/p>\n\n\n\n<figure class=\"wp-block-image size-full is-resized\"><img loading=\"lazy\" decoding=\"async\" width=\"940\" height=\"673\" src=\"https:\/\/campingleschadeyres.com\/wp-content\/uploads\/2023\/04\/cropped-7DCFCDC5-3A56-4A3F-A1E8-3D54ED7383B0-scaled-1.jpeg\" alt=\"\" class=\"wp-image-13\" style=\"width:657px;height:470px\" srcset=\"https:\/\/campingleschadeyres.com\/wp-content\/uploads\/2023\/04\/cropped-7DCFCDC5-3A56-4A3F-A1E8-3D54ED7383B0-scaled-1.jpeg 940w, https:\/\/campingleschadeyres.com\/wp-content\/uploads\/2023\/04\/cropped-7DCFCDC5-3A56-4A3F-A1E8-3D54ED7383B0-scaled-1-300x215.jpeg 300w, https:\/\/campingleschadeyres.com\/wp-content\/uploads\/2023\/04\/cropped-7DCFCDC5-3A56-4A3F-A1E8-3D54ED7383B0-scaled-1-768x550.jpeg 768w\" sizes=\"auto, (max-width: 940px) 100vw, 940px\" \/><figcaption class=\"wp-element-caption\">Le hameau du Plot en arrivant au camping<\/figcaption><\/figure>\n\n\n<div class=\"wp-block-image\">\n<figure class=\"aligncenter size-full is-resized\"><img loading=\"lazy\" decoding=\"async\" width=\"512\" height=\"512\" src=\"https:\/\/campingleschadeyres.com\/wp-content\/uploads\/2023\/04\/cropped-logocamping.jpg\" alt=\"\" class=\"wp-image-69\" style=\"width:356px;height:356px\" srcset=\"https:\/\/campingleschadeyres.com\/wp-content\/uploads\/2023\/04\/cropped-logocamping.jpg 512w, https:\/\/campingleschadeyres.com\/wp-content\/uploads\/2023\/04\/cropped-logocamping-300x300.jpg 300w, https:\/\/campingleschadeyres.com\/wp-content\/uploads\/2023\/04\/cropped-logocamping-150x150.jpg 150w, https:\/\/campingleschadeyres.com\/wp-content\/uploads\/2023\/04\/cropped-logocamping-270x270.jpg 270w, https:\/\/campingleschadeyres.com\/wp-content\/uploads\/2023\/04\/cropped-logocamping-192x192.jpg 192w, https:\/\/campingleschadeyres.com\/wp-content\/uploads\/2023\/04\/cropped-logocamping-180x180.jpg 180w, https:\/\/campingleschadeyres.com\/wp-content\/uploads\/2023\/04\/cropped-logocamping-32x32.jpg 32w\" sizes=\"auto, (max-width: 512px) 100vw, 512px\" \/><figcaption class=\"wp-element-caption\">Notre Logo<\/figcaption><\/figure>\n<\/div>","protected":false},"excerpt":{"rendered":"<p>Bonjour ! Le camping des Chadeyres est un camping familial et calme, situ\u00e9 au dessus des gorges de la Loire dans le village d\u2019Issarl\u00e8s. Il se trouve \u00e0 5 km du lac d\u2019Issarl\u00e8s. Vous trouverez de belles plages naturelles \u00e0 &hellip; <a href=\"https:\/\/campingleschadeyres.com\/?page_id=2\">Continuer la lecture <span class=\"meta-nav\">&rarr;<\/span><\/a><\/p>\n","protected":false},"author":1,"featured_media":262,"parent":0,"menu_order":0,"comment_status":"closed","ping_status":"open","template":"","meta":{"_monsterinsights_skip_tracking":false,"_monsterinsights_sitenote_active":false,"_monsterinsights_sitenote_note":"","_monsterinsights_sitenote_category":0,"footnotes":""},"class_list":["post-2","page","type-page","status-publish","has-post-thumbnail","hentry"],"_links":{"self":[{"href":"https:\/\/campingleschadeyres.com\/index.php?rest_route=\/wp\/v2\/pages\/2","targetHints":{"allow":["GET"]}}],"collection":[{"href":"https:\/\/campingleschadeyres.com\/index.php?rest_route=\/wp\/v2\/pages"}],"about":[{"href":"https:\/\/campingleschadeyres.com\/index.php?rest_route=\/wp\/v2\/types\/page"}],"author":[{"embeddable":true,"href":"https:\/\/campingleschadeyres.com\/index.php?rest_route=\/wp\/v2\/users\/1"}],"replies":[{"embeddable":true,"href":"https:\/\/campingleschadeyres.com\/index.php?rest_route=%2Fwp%2Fv2%2Fcomments&post=2"}],"version-history":[{"count":12,"href":"https:\/\/campingleschadeyres.com\/index.php?rest_route=\/wp\/v2\/pages\/2\/revisions"}],"predecessor-version":[{"id":323,"href":"https:\/\/campingleschadeyres.com\/index.php?rest_route=\/wp\/v2\/pages\/2\/revisions\/323"}],"wp:featuredmedia":[{"embeddable":true,"href":"https:\/\/campingleschadeyres.com\/index.php?rest_route=\/wp\/v2\/media\/262"}],"wp:attachment":[{"href":"https:\/\/campingleschadeyres.com\/index.php?rest_route=%2Fwp%2Fv2%2Fmedia&parent=2"}],"curies":[{"name":"wp","href":"https:\/\/api.w.org\/{rel}","templated":true}]}}